{"id":217,"date":"2024-10-29T07:42:32","date_gmt":"2024-10-29T07:42:32","guid":{"rendered":"http:\/\/delartenbar.fr\/?page_id=217"},"modified":"2025-12-08T15:34:43","modified_gmt":"2025-12-08T15:34:43","slug":"home","status":"publish","type":"page","link":"https:\/\/delartenbar.fr\/","title":{"rendered":"Accueil"},"content":{"rendered":"\n<p><\/p>\n\n\n\n<p><\/p>\n\n\n\n<p><\/p>\n\n\n\n<p><\/p>\n\n\n\n<p><\/p>\n\n\n\n<p><\/p>\n\n\n\n<p><\/p>\n\n\n\n<figure class=\"wp-block-image alignfull size-large\"><img loading=\"lazy\" decoding=\"async\" width=\"1024\" height=\"681\" src=\"https:\/\/delartenbar.fr\/wp-content\/uploads\/2022\/11\/PP-1-1024x681.jpg\" alt=\"\" class=\"wp-image-678\" srcset=\"https:\/\/delartenbar.fr\/wp-content\/uploads\/2022\/11\/PP-1-1024x681.jpg 1024w, https:\/\/delartenbar.fr\/wp-content\/uploads\/2022\/11\/PP-1-300x199.jpg 300w, https:\/\/delartenbar.fr\/wp-content\/uploads\/2022\/11\/PP-1-768x510.jpg 768w, https:\/\/delartenbar.fr\/wp-content\/uploads\/2022\/11\/PP-1-1536x1021.jpg 1536w, https:\/\/delartenbar.fr\/wp-content\/uploads\/2022\/11\/PP-1.jpg 2048w\" sizes=\"auto, (max-width: 1024px) 100vw, 1024px\" \/><\/figure>\n\n\n\n<div class=\"inherit-container-width wp-block-group alignfull has-ast-global-color-2-background-color has-background is-layout-constrained wp-block-group-is-layout-constrained\">\n<!-- Begin Brevo Form -->\n<!-- START - We recommend to place the below code in head tag of your website html  -->\n<style>\n  @font-face {\n    font-display: block;\n    font-family: Roboto;\n    src: url(https:\/\/assets.brevo.com\/font\/Roboto\/Latin\/normal\/normal\/7529907e9eaf8ebb5220c5f9850e3811.woff2) format(\"woff2\"), url(https:\/\/assets.brevo.com\/font\/Roboto\/Latin\/normal\/normal\/25c678feafdc175a70922a116c9be3e7.woff) format(\"woff\")\n  }\n\n  @font-face {\n    font-display: fallback;\n    font-family: Roboto;\n    font-weight: 600;\n    src: url(https:\/\/assets.brevo.com\/font\/Roboto\/Latin\/medium\/normal\/6e9caeeafb1f3491be3e32744bc30440.woff2) format(\"woff2\"), url(https:\/\/assets.brevo.com\/font\/Roboto\/Latin\/medium\/normal\/71501f0d8d5aa95960f6475d5487d4c2.woff) format(\"woff\")\n  }\n\n  @font-face {\n    font-display: fallback;\n    font-family: Roboto;\n    font-weight: 700;\n    src: url(https:\/\/assets.brevo.com\/font\/Roboto\/Latin\/bold\/normal\/3ef7cf158f310cf752d5ad08cd0e7e60.woff2) format(\"woff2\"), url(https:\/\/assets.brevo.com\/font\/Roboto\/Latin\/bold\/normal\/ece3a1d82f18b60bcce0211725c476aa.woff) format(\"woff\")\n  }\n\n  #sib-container input:-ms-input-placeholder {\n    text-align: left;\n    font-family: Helvetica, sans-serif;\n    color: #c0ccda;\n  }\n\n  #sib-container input::placeholder {\n    text-align: left;\n    font-family: Helvetica, sans-serif;\n    color: #c0ccda;\n  }\n\n  #sib-container textarea::placeholder {\n    text-align: left;\n    font-family: Helvetica, sans-serif;\n    color: #c0ccda;\n  }\n\n  #sib-container a {\n    text-decoration: underline;\n    color: #2BB2FC;\n  }\n<\/style>\n<link rel=\"stylesheet\" href=\"https:\/\/sibforms.com\/forms\/end-form\/build\/sib-styles.css\">\n<!--  END - We recommend to place the above code in head tag of your website html -->\n\n<!-- START - We recommend to place the below code where you want the form in your website html  -->\n<div class=\"sib-form\" style=\"text-align: center;\n         background-color: #080808;                                 \">\n  <div id=\"sib-form-container\" class=\"sib-form-container\">\n    <div id=\"error-message\" class=\"sib-form-message-panel\" style=\"font-size:16px; text-align:left; font-family:Helvetica, sans-serif; color:#661d1d; background-color:#ffeded; border-radius:3px; border-color:#ff4949;max-width:540px;\">\n      <div class=\"sib-form-message-panel__text sib-form-message-panel__text--center\">\n        <svg viewBox=\"0 0 512 512\" class=\"sib-icon sib-notification__icon\">\n          <path d=\"M256 40c118.621 0 216 96.075 216 216 0 119.291-96.61 216-216 216-119.244 0-216-96.562-216-216 0-119.203 96.602-216 216-216m0-32C119.043 8 8 119.083 8 256c0 136.997 111.043 248 248 248s248-111.003 248-248C504 119.083 392.957 8 256 8zm-11.49 120h22.979c6.823 0 12.274 5.682 11.99 12.5l-7 168c-.268 6.428-5.556 11.5-11.99 11.5h-8.979c-6.433 0-11.722-5.073-11.99-11.5l-7-168c-.283-6.818 5.167-12.5 11.99-12.5zM256 340c-15.464 0-28 12.536-28 28s12.536 28 28 28 28-12.536 28-28-12.536-28-28-28z\" \/>\n        <\/svg>\n        <span class=\"sib-form-message-panel__inner-text\">\n                          Nous n&#039;avons pas pu confirmer votre inscription.\n                      <\/span>\n      <\/div>\n    <\/div>\n    <div><\/div>\n    <div id=\"success-message\" class=\"sib-form-message-panel\" style=\"font-size:16px; text-align:left; font-family:Helvetica, sans-serif; color:#085229; background-color:#e7faf0; border-radius:3px; border-color:#13ce66;max-width:540px;\">\n      <div class=\"sib-form-message-panel__text sib-form-message-panel__text--center\">\n        <svg viewBox=\"0 0 512 512\" class=\"sib-icon sib-notification__icon\">\n          <path d=\"M256 8C119.033 8 8 119.033 8 256s111.033 248 248 248 248-111.033 248-248S392.967 8 256 8zm0 464c-118.664 0-216-96.055-216-216 0-118.663 96.055-216 216-216 118.664 0 216 96.055 216 216 0 118.663-96.055 216-216 216zm141.63-274.961L217.15 376.071c-4.705 4.667-12.303 4.637-16.97-.068l-85.878-86.572c-4.667-4.705-4.637-12.303.068-16.97l8.52-8.451c4.705-4.667 12.303-4.637 16.97.068l68.976 69.533 163.441-162.13c4.705-4.667 12.303-4.637 16.97.068l8.451 8.52c4.668 4.705 4.637 12.303-.068 16.97z\" \/>\n        <\/svg>\n        <span class=\"sib-form-message-panel__inner-text\">\n                          Votre inscription est confirm\u00e9e!\n                      <\/span>\n      <\/div>\n    <\/div>\n    <div><\/div>\n    <div id=\"sib-container\" class=\"sib-container--large sib-container--vertical\" style=\"text-align:center; background-color:rgba(5,5,5,1); max-width:540px; border-radius:16px; border-width:3px; border-color:#f8f9fb; border-style:solid; direction:ltr\">\n      <form id=\"sib-form\" method=\"POST\" action=\"https:\/\/342ddc7e.sibforms.com\/serve\/MUIFACNrNsvQ50sKSAr-B0WbzEKUryKNYJFXbfR2so9SiHqiWYhr5GYsuZKUrNVzKR00QoEIZeJQDSvwFwBl05BmeTYcW3NWcs2wWv-xAG8fzPcNQEz-0-n3VqiQ23DDJDCzEp24hI5HIfrQQT-v8zNM6uYg2jVpJRV0SxHW-4FwvFXuX12wcRvvgWNsSx37JL33XwKZTTxyDjMf\" data-type=\"subscription\">\n        <div style=\"padding: 8px 0;\">\n          <div class=\"sib-form-block\" style=\"font-size:53px; text-align:center; font-weight:700; font-style:italic; font-family:Helvetica, sans-serif; color:#fafafb; background-color:transparent; text-align:center\">\n            <p>AR You!<\/p>\n          <\/div>\n        <\/div>\n        <div style=\"padding: 8px 0;\">\n          <div class=\"sib-form-block\" style=\"font-size:16px; text-align:center; font-family:Helvetica, sans-serif; color:#dc1a4b; background-color:transparent; text-align:center\">\n            <div class=\"sib-text-form-block\">\n              <p>J&#8217;embarque avec AR7<\/p>\n              <p>pour un voyage immersif en<\/p>\n              <p>REALITE AUGMENTEE!<\/p>\n              <p><br><\/p>\n            <\/div>\n          <\/div>\n        <\/div>\n        <div style=\"padding: 8px 0;\">\n          <div class=\"sib-checkbox-group sib-form-block\">\n            <div class=\"form__entry entry_mcq\">\n              <div class=\"form__label-row \">\n                <label class=\"entry__label\" style=\"font-weight: 700; text-align:left; font-size:16px; text-align:left; font-weight:700; font-style:italic; font-family:Helvetica, sans-serif; color:#e9f0f9;\">Who AR You?&#8230;<\/label>\n                <div style=\"\">\n                  <div class=\"entry__choice\">\n                    <label class=\"checkbox__label\">\n                      <input type=\"checkbox\" class=\"input_replaced\" name=\"JE_SUIS[]\" data-value=\"1 - Amateur.rice d&#039;art\" value=\"1 - Amateur.rice d&#039;art\" \/>\n                      <span class=\"checkbox checkbox_tick_positive\"\n                style=\"margin-left:\"\n                ><\/span><span style=\"font-size:15px; text-align:left; font-family:Helvetica, sans-serif; color:#fbfcfc; background-color:transparent;\">1 &#8211; Amateur.rice d&#039;art<\/span> <\/label>\n                  <\/div>\n                  <div class=\"entry__choice\">\n                    <label class=\"checkbox__label\">\n                      <input type=\"checkbox\" class=\"input_replaced\" name=\"JE_SUIS[]\" data-value=\"2 - Artiste\" value=\"2 - Artiste\" \/>\n                      <span class=\"checkbox checkbox_tick_positive\"\n                style=\"margin-left:\"\n                ><\/span><span style=\"font-size:15px; text-align:left; font-family:Helvetica, sans-serif; color:#fbfcfc; background-color:transparent;\">2 &#8211; Artiste<\/span> <\/label>\n                  <\/div>\n                  <div class=\"entry__choice\">\n                    <label class=\"checkbox__label\">\n                      <input type=\"checkbox\" class=\"input_replaced\" name=\"JE_SUIS[]\" data-value=\"3 - Galeriste\" value=\"3 - Galeriste\" \/>\n                      <span class=\"checkbox checkbox_tick_positive\"\n                style=\"margin-left:\"\n                ><\/span><span style=\"font-size:15px; text-align:left; font-family:Helvetica, sans-serif; color:#fbfcfc; background-color:transparent;\">3 &#8211; Galeriste<\/span> <\/label>\n                  <\/div>\n                  <div class=\"entry__choice\">\n                    <label class=\"checkbox__label\">\n                      <input type=\"checkbox\" class=\"input_replaced\" name=\"JE_SUIS[]\" data-value=\"4 - Acteur.rice de la culture, du tourisme, de l&#039;\u00e9ducation\" value=\"4 - Acteur.rice de la culture, du tourisme, de l&#039;\u00e9ducation\" \/>\n                      <span class=\"checkbox checkbox_tick_positive\"\n                style=\"margin-left:\"\n                ><\/span><span style=\"font-size:15px; text-align:left; font-family:Helvetica, sans-serif; color:#fbfcfc; background-color:transparent;\">4 &#8211; Acteur.rice de la culture, du tourisme, de l&#039;\u00e9ducation<\/span> <\/label>\n                  <\/div>\n                  <div class=\"entry__choice\">\n                    <label class=\"checkbox__label\">\n                      <input type=\"checkbox\" class=\"input_replaced\" name=\"JE_SUIS[]\" data-value=\"5 - Elu.e\" value=\"5 - Elu.e\" \/>\n                      <span class=\"checkbox checkbox_tick_positive\"\n                style=\"margin-left:\"\n                ><\/span><span style=\"font-size:15px; text-align:left; font-family:Helvetica, sans-serif; color:#fbfcfc; background-color:transparent;\">5 &#8211; Elu.e<\/span> <\/label>\n                  <\/div>\n                  <div class=\"entry__choice\">\n                    <label class=\"checkbox__label\">\n                      <input type=\"checkbox\" class=\"input_replaced\" name=\"JE_SUIS[]\" data-value=\"6 - Journaliste\" value=\"6 - Journaliste\" \/>\n                      <span class=\"checkbox checkbox_tick_positive\"\n                style=\"margin-left:\"\n                ><\/span><span style=\"font-size:15px; text-align:left; font-family:Helvetica, sans-serif; color:#fbfcfc; background-color:transparent;\">6 &#8211; Journaliste<\/span> <\/label>\n                  <\/div>\n                  <div class=\"entry__choice\">\n                    <label class=\"checkbox__label\">\n                      <input type=\"checkbox\" class=\"input_replaced\" name=\"JE_SUIS[]\" data-value=\"7 - Dirigeant.e d&#039;entreprise\" value=\"7 - Dirigeant.e d&#039;entreprise\" \/>\n                      <span class=\"checkbox checkbox_tick_positive\"\n                style=\"margin-left:\"\n                ><\/span><span style=\"font-size:15px; text-align:left; font-family:Helvetica, sans-serif; color:#fbfcfc; background-color:transparent;\">7 &#8211; Dirigeant.e d&#039;entreprise<\/span> <\/label>\n                  <\/div>\n                <\/div>\n              <\/div>\n              <label class=\"entry__error entry__error--primary\" style=\"font-size:16px; text-align:left; font-family:Helvetica, sans-serif; color:#661d1d; background-color:#ffeded; border-radius:3px; border-color:#ff4949;\">\n              <\/label>\n            <\/div>\n          <\/div>\n        <\/div>\n        <div style=\"padding: 8px 0;\">\n          <div class=\"sib-input sib-form-block\">\n            <div class=\"form__entry entry_block\">\n              <div class=\"form__label-row \">\n\n                <div class=\"entry__field\">\n                  <input class=\"input \" maxlength=\"200\" type=\"text\" id=\"PRENOM\" name=\"PRENOM\" autocomplete=\"off\" placeholder=\"PRENOM*\" data-required=\"true\" required \/>\n                <\/div>\n              <\/div>\n\n              <label class=\"entry__error entry__error--primary\" style=\"font-size:16px; text-align:left; font-family:Helvetica, sans-serif; color:#661d1d; background-color:#ffeded; border-radius:3px; border-color:#ff4949;\">\n              <\/label>\n            <\/div>\n          <\/div>\n        <\/div>\n        <div style=\"padding: 8px 0;\">\n          <div class=\"sib-input sib-form-block\">\n            <div class=\"form__entry entry_block\">\n              <div class=\"form__label-row \">\n\n                <div class=\"entry__field\">\n                  <input class=\"input \" maxlength=\"200\" type=\"text\" id=\"NOM\" name=\"NOM\" autocomplete=\"off\" placeholder=\"NOM*\" data-required=\"true\" required \/>\n                <\/div>\n              <\/div>\n\n              <label class=\"entry__error entry__error--primary\" style=\"font-size:16px; text-align:left; font-family:Helvetica, sans-serif; color:#661d1d; background-color:#ffeded; border-radius:3px; border-color:#ff4949;\">\n              <\/label>\n            <\/div>\n          <\/div>\n        <\/div>\n        <div style=\"padding: 8px 0;\">\n          <div class=\"sib-input sib-form-block\">\n            <div class=\"form__entry entry_block\">\n              <div class=\"form__label-row \">\n                <label class=\"entry__label\" style=\"font-weight: 700; text-align:left; font-size:16px; text-align:left; font-weight:700; font-style:italic; font-family:Helvetica, sans-serif; color:#e9f0f9;\" for=\"EMAIL\" data-required=\"*\">Je veux recevoir la premi\u00e8re Newsletter en r\u00e9alit\u00e9 augment\u00e9e et vivre des aventures immersives!<\/label>\n\n                <div class=\"entry__field\">\n                  <input class=\"input \" type=\"text\" id=\"EMAIL\" name=\"EMAIL\" autocomplete=\"off\" placeholder=\"EMAIL*\" data-required=\"true\" required \/>\n                <\/div>\n              <\/div>\n\n              <label class=\"entry__error entry__error--primary\" style=\"font-size:16px; text-align:left; font-family:Helvetica, sans-serif; color:#661d1d; background-color:#ffeded; border-radius:3px; border-color:#ff4949;\">\n              <\/label>\n            <\/div>\n          <\/div>\n        <\/div>\n        <div style=\"padding: 8px 0;\">\n          <div class=\"sib-form-block\" style=\"text-align: center\">\n            <button class=\"sib-form-block__button sib-form-block__button-with-loader\" style=\"font-size:16px; text-align:center; font-weight:700; font-family:Helvetica, sans-serif; color:#FFFFFF; background-color:#f70348; border-radius:3px; border-width:0px;\" form=\"sib-form\" type=\"submit\">\n              <svg class=\"icon clickable__icon progress-indicator__icon sib-hide-loader-icon\" viewBox=\"0 0 512 512\">\n                <path d=\"M460.116 373.846l-20.823-12.022c-5.541-3.199-7.54-10.159-4.663-15.874 30.137-59.886 28.343-131.652-5.386-189.946-33.641-58.394-94.896-95.833-161.827-99.676C261.028 55.961 256 50.751 256 44.352V20.309c0-6.904 5.808-12.337 12.703-11.982 83.556 4.306 160.163 50.864 202.11 123.677 42.063 72.696 44.079 162.316 6.031 236.832-3.14 6.148-10.75 8.461-16.728 5.01z\" \/>\n              <\/svg>\n              GO!\n            <\/button>\n          <\/div>\n        <\/div>\n        <div style=\"padding: 8px 0;\">\n          <div class=\"sib-form__declaration\" style=\"direction:ltr\">\n            <div class=\"declaration-block-icon\">\n              <svg class=\"icon__SVG\" width=\"0\" height=\"0\" version=\"1.1\" xmlns=\"http:\/\/www.w3.org\/2000\/svg\">\n                <defs>\n                  <symbol id=\"svgIcon-sphere\" viewBox=\"0 0 63 63\">\n                    <path class=\"path1\" d=\"M31.54 0l1.05 3.06 3.385-.01-2.735 1.897 1.05 3.042-2.748-1.886-2.738 1.886 1.044-3.05-2.745-1.897h3.393zm13.97 3.019L46.555 6.4l3.384.01-2.743 2.101 1.048 3.387-2.752-2.1-2.752 2.1 1.054-3.382-2.745-2.105h3.385zm9.998 10.056l1.039 3.382h3.38l-2.751 2.1 1.05 3.382-2.744-2.091-2.743 2.091 1.054-3.381-2.754-2.1h3.385zM58.58 27.1l1.04 3.372h3.379l-2.752 2.096 1.05 3.387-2.744-2.091-2.75 2.092 1.054-3.387-2.747-2.097h3.376zm-3.076 14.02l1.044 3.364h3.385l-2.743 2.09 1.05 3.392-2.744-2.097-2.743 2.097 1.052-3.377-2.752-2.117 3.385-.01zm-9.985 9.91l1.045 3.364h3.393l-2.752 2.09 1.05 3.393-2.745-2.097-2.743 2.097 1.05-3.383-2.751-2.1 3.384-.01zM31.45 55.01l1.044 3.043 3.393-.008-2.752 1.9L34.19 63l-2.744-1.895-2.748 1.891 1.054-3.05-2.743-1.9h3.384zm-13.934-3.98l1.036 3.364h3.402l-2.752 2.09 1.053 3.393-2.747-2.097-2.752 2.097 1.053-3.382-2.743-2.1 3.384-.01zm-9.981-9.91l1.045 3.364h3.398l-2.748 2.09 1.05 3.392-2.753-2.1-2.752 2.096 1.053-3.382-2.743-2.102 3.384-.009zM4.466 27.1l1.038 3.372H8.88l-2.752 2.097 1.053 3.387-2.743-2.09-2.748 2.09 1.053-3.387L0 30.472h3.385zm3.069-14.025l1.045 3.382h3.395L9.23 18.56l1.05 3.381-2.752-2.09-2.752 2.09 1.053-3.381-2.744-2.1h3.384zm9.99-10.056L18.57 6.4l3.393.01-2.743 2.1 1.05 3.373-2.754-2.092-2.751 2.092 1.053-3.382-2.744-2.1h3.384zm24.938 19.394l-10-4.22a2.48 2.48 0 00-1.921 0l-10 4.22A2.529 2.529 0 0019 24.75c0 10.47 5.964 17.705 11.537 20.057a2.48 2.48 0 001.921 0C36.921 42.924 44 36.421 44 24.75a2.532 2.532 0 00-1.537-2.336zm-2.46 6.023l-9.583 9.705a.83.83 0 01-1.177 0l-5.416-5.485a.855.855 0 010-1.192l1.177-1.192a.83.83 0 011.177 0l3.65 3.697 7.819-7.916a.83.83 0 011.177 0l1.177 1.191a.843.843 0 010 1.192z\" fill=\"#0092FF\"><\/path>\n                  <\/symbol>\n                <\/defs>\n              <\/svg>\n              <svg class=\"svgIcon-sphere\" style=\"width:63px; height:63px;\">\n                <use xlink:href=\"#svgIcon-sphere\"><\/use>\n              <\/svg>\n            <\/div>\n            <div style=\"font-size:14px; text-align:left; font-family:Helvetica, sans-serif; color:#687484; background-color:transparent;\">\n              <p>Nous utilisons Brevo en tant que plateforme marketing. En soumettant ce formulaire, vous acceptez que les donn\u00e9es personnelles que vous avez fournies soient transf\u00e9r\u00e9es \u00e0 Brevo pour \u00eatre trait\u00e9es conform\u00e9ment <a href=\"https:\/\/www.brevo.com\/fr\/legal\/privacypolicy\/\" target=\"_blank\">\u00e0 la politique de confidentialit\u00e9 de Brevo.<\/a><\/p>\n            <\/div>\n          <\/div>\n        <\/div>\n\n        <input type=\"text\" name=\"email_address_check\" value=\"\" class=\"input--hidden\">\n        <input type=\"hidden\" name=\"locale\" value=\"fr\">\n      <\/form>\n    <\/div>\n  <\/div>\n<\/div>\n<!-- END - We recommend to place the above code where you want the form in your website html  -->\n\n<!-- START - We recommend to place the below code in footer or bottom of your website html  -->\n<script>\n  window.REQUIRED_CODE_ERROR_MESSAGE = 'Veuillez choisir un code pays';\n  window.LOCALE = 'fr';\n  window.EMAIL_INVALID_MESSAGE = window.SMS_INVALID_MESSAGE = \"Les informations que vous avez fournies ne sont pas valides. Veuillez v\u00e9rifier le format du champ et r\u00e9essayer.\";\n\n  window.REQUIRED_ERROR_MESSAGE = \"Vous devez renseigner ce champ. \";\n\n  window.GENERIC_INVALID_MESSAGE = \"Les informations que vous avez fournies ne sont pas valides. Veuillez v\u00e9rifier le format du champ et r\u00e9essayer.\";\n\n\n\n\n  window.translation = {\n    common: {\n      selectedList: '{quantity} liste s\u00e9lectionn\u00e9e',\n      selectedLists: '{quantity} listes s\u00e9lectionn\u00e9es'\n    }\n  };\n\n  var AUTOHIDE = Boolean(1);\n<\/script>\n\n<script defer src=\"https:\/\/sibforms.com\/forms\/end-form\/build\/main.js\"><\/script>\n\n\n<!-- END - We recommend to place the above code in footer or bottom of your website html  -->\n<!-- End Brevo Form -->\n<\/div>\n\n\n\n<div class=\"inherit-container-width wp-block-group alignfull has-ast-global-color-2-background-color has-background is-layout-constrained wp-block-group-is-layout-constrained\">\n<figure class=\"wp-block-image aligncenter size-full is-resized\"><a href=\"https:\/\/projects.web-ar.studio\/v2\/77265882ca\" target=\"_blank\" rel=\" noreferrer noopener\"><img loading=\"lazy\" decoding=\"async\" width=\"432\" height=\"432\" src=\"https:\/\/delartenbar.fr\/wp-content\/uploads\/2025\/12\/QR-360-PUB-AR7BOX-Anime.gif\" alt=\"\" class=\"wp-image-799\" style=\"width:420px;height:auto\"\/><\/a><\/figure>\n<\/div>\n\n\n\n<div class=\"inherit-container-width wp-block-group alignfull has-ast-global-color-2-background-color has-background is-layout-constrained wp-block-group-is-layout-constrained\">\n<div class=\"wp-block-columns is-layout-flex wp-container-core-columns-is-layout-28f84493 wp-block-columns-is-layout-flex\">\n<div class=\"wp-block-column is-layout-flow wp-block-column-is-layout-flow\"><\/div>\n\n\n\n<div class=\"wp-block-column is-layout-flow wp-block-column-is-layout-flow\">\n<h6 class=\"wp-block-heading has-text-align-center has-vivid-red-color has-text-color has-link-color wp-elements-1bf4bafe91bc4a8c47eb3b2864925552\">Cliquez <\/h6>\n\n\n\n<p class=\"has-text-align-center has-ast-global-color-5-color has-text-color has-link-color wp-elements-f70a0643870e5c436a6af4dee6930e28\">si vous \u00eates sur mobile<\/p>\n<\/div>\n\n\n\n<div class=\"wp-block-column is-layout-flow wp-block-column-is-layout-flow\"><\/div>\n<\/div>\n\n\n\n<div class=\"wp-block-columns is-layout-flex wp-container-core-columns-is-layout-28f84493 wp-block-columns-is-layout-flex\">\n<div class=\"wp-block-column is-layout-flow wp-block-column-is-layout-flow\"><\/div>\n\n\n\n<div class=\"wp-block-column is-layout-flow wp-block-column-is-layout-flow\"><\/div>\n\n\n\n<div class=\"wp-block-column is-layout-flow wp-block-column-is-layout-flow\"><\/div>\n<\/div>\n<\/div>\n\n\n\n<p><\/p>\n","protected":false},"excerpt":{"rendered":"<p>Nous n&#039;avons pas pu confirmer votre inscription. Votre inscription est confirm\u00e9e! AR You! J&#8217;embarque avec AR7 pour un voyage immersif en REALITE AUGMENTEE! Who AR You?&#8230; 1 &#8211; Amateur.rice d&#039;art 2 &#8211; Artiste 3 &#8211; Galeriste 4 &#8211; Acteur.rice de la culture, du tourisme, de l&#039;\u00e9ducation 5 &#8211; Elu.e 6 &#8211; Journaliste 7 &#8211; Dirigeant.e &hellip;<\/p>\n<p class=\"read-more\"> <a class=\"\" href=\"https:\/\/delartenbar.fr\/\"> <span class=\"screen-reader-text\">Accueil<\/span> Lire la suite\u00a0\u00bb<\/a><\/p>\n","protected":false},"author":1,"featured_media":563,"parent":0,"menu_order":0,"comment_status":"closed","ping_status":"closed","template":"","meta":{"om_disable_all_campaigns":false,"_monsterinsights_skip_tracking":false,"_monsterinsights_sitenote_active":false,"_monsterinsights_sitenote_note":"","_monsterinsights_sitenote_category":0,"site-sidebar-layout":"no-sidebar","site-content-layout":"plain-container","ast-global-header-display":"","ast-main-header-display":"","ast-hfb-above-header-display":"","ast-hfb-below-header-display":"","ast-hfb-mobile-header-display":"","site-post-title":"disabled","ast-breadcrumbs-content":"","ast-featured-img":"disabled","footer-sml-layout":"","theme-transparent-header-meta":"enabled","adv-header-id-meta":"","stick-header-meta":"","header-above-stick-meta":"","header-main-stick-meta":"","header-below-stick-meta":"","footnotes":""},"class_list":["post-217","page","type-page","status-publish","has-post-thumbnail","hentry"],"_links":{"self":[{"href":"https:\/\/delartenbar.fr\/index.php?rest_route=\/wp\/v2\/pages\/217","targetHints":{"allow":["GET"]}}],"collection":[{"href":"https:\/\/delartenbar.fr\/index.php?rest_route=\/wp\/v2\/pages"}],"about":[{"href":"https:\/\/delartenbar.fr\/index.php?rest_route=\/wp\/v2\/types\/page"}],"author":[{"embeddable":true,"href":"https:\/\/delartenbar.fr\/index.php?rest_route=\/wp\/v2\/users\/1"}],"replies":[{"embeddable":true,"href":"https:\/\/delartenbar.fr\/index.php?rest_route=%2Fwp%2Fv2%2Fcomments&post=217"}],"version-history":[{"count":36,"href":"https:\/\/delartenbar.fr\/index.php?rest_route=\/wp\/v2\/pages\/217\/revisions"}],"predecessor-version":[{"id":804,"href":"https:\/\/delartenbar.fr\/index.php?rest_route=\/wp\/v2\/pages\/217\/revisions\/804"}],"wp:featuredmedia":[{"embeddable":true,"href":"https:\/\/delartenbar.fr\/index.php?rest_route=\/wp\/v2\/media\/563"}],"wp:attachment":[{"href":"https:\/\/delartenbar.fr\/index.php?rest_route=%2Fwp%2Fv2%2Fmedia&parent=217"}],"curies":[{"name":"wp","href":"https:\/\/api.w.org\/{rel}","templated":true}]}}