{"id":218,"date":"2020-05-12T03:43:04","date_gmt":"2020-05-12T03:43:04","guid":{"rendered":"http:\/\/delartenbar.fr\/?page_id=218"},"modified":"2024-10-29T12:31:25","modified_gmt":"2024-10-29T12:31:25","slug":"about","status":"publish","type":"page","link":"https:\/\/delartenbar.fr\/?page_id=218","title":{"rendered":"About"},"content":{"rendered":"\n<div class=\"wp-block-cover has-custom-content-position is-position-top-center\" style=\"min-height:380px;aspect-ratio:unset;\"><span aria-hidden=\"true\" class=\"wp-block-cover__background has-ast-global-color-1-background-color has-background-dim-0 has-background-dim\"><\/span><img loading=\"lazy\" decoding=\"async\" width=\"2454\" height=\"1785\" class=\"wp-block-cover__image-background wp-image-589\" alt=\"\" src=\"https:\/\/delartenbar.fr\/wp-content\/uploads\/2022\/01\/aoumeur-abderrahmen-SdH3rllTWwU-unsplash.jpg\" style=\"object-position:50% 4%\" data-object-fit=\"cover\" data-object-position=\"50% 4%\" srcset=\"https:\/\/delartenbar.fr\/wp-content\/uploads\/2022\/01\/aoumeur-abderrahmen-SdH3rllTWwU-unsplash.jpg 2454w, https:\/\/delartenbar.fr\/wp-content\/uploads\/2022\/01\/aoumeur-abderrahmen-SdH3rllTWwU-unsplash-300x218.jpg 300w, https:\/\/delartenbar.fr\/wp-content\/uploads\/2022\/01\/aoumeur-abderrahmen-SdH3rllTWwU-unsplash-1024x745.jpg 1024w, https:\/\/delartenbar.fr\/wp-content\/uploads\/2022\/01\/aoumeur-abderrahmen-SdH3rllTWwU-unsplash-768x559.jpg 768w, https:\/\/delartenbar.fr\/wp-content\/uploads\/2022\/01\/aoumeur-abderrahmen-SdH3rllTWwU-unsplash-1536x1117.jpg 1536w, https:\/\/delartenbar.fr\/wp-content\/uploads\/2022\/01\/aoumeur-abderrahmen-SdH3rllTWwU-unsplash-2048x1490.jpg 2048w\" sizes=\"auto, (max-width: 2454px) 100vw, 2454px\" \/><div class=\"wp-block-cover__inner-container is-layout-flow wp-block-cover-is-layout-flow\">\n<p class=\"has-text-align-center has-large-font-size\">        A7eliers<\/p>\n<\/div><\/div>\n\n\n\n<p><\/p>\n\n\n\n<div class=\"inherit-container-width wp-block-group alignfull has-ast-global-color-2-background-color has-background is-layout-constrained wp-block-group-is-layout-constrained\">\n<div class=\"wp-block-columns is-layout-flex wp-container-core-columns-is-layout-28f84493 wp-block-columns-is-layout-flex\">\n<div class=\"wp-block-column has-ast-global-color-2-background-color has-background is-layout-flow wp-block-column-is-layout-flow\" style=\"flex-basis:200px\">\n<h2 class=\"wp-block-heading has-ast-global-color-5-color has-text-color\"><strong>A7eliers<\/strong> de pho7ographie Al7ernative<\/h2>\n\n\n\n<p class=\"has-ast-global-color-4-color has-text-color\">Enfants \/ Ados \/ Adultes<\/p>\n<\/div>\n\n\n\n<div class=\"wp-block-column has-vivid-red-color has-text-color is-layout-flow wp-block-column-is-layout-flow\">\n<p class=\"has-text-align-center has-vivid-red-color has-text-color\"><strong>LIGHT PAINTING &#8211; SERIGRAPHIE &#8211; STOP MOTION  PROCEDES ANCIENS, ALTERNATIFS, NATURELS CYANOTYPE &#8211; ROMAN PHOTO &#8211; STREET ART  LINOGRAPHIE- HOLOGRAPHIE &#8211; CINEMAGRAPH  FOLIOSCOPES &#8211; STENOPE &#8211; CHLOROPHYLE PRINT STUDIO  &#8211; TIME LAPSE &#8211; FOLIOSCOPES &#8211; 3D&#8230;<\/strong><\/p>\n<\/div>\n\n\n\n<div class=\"wp-block-column is-layout-flow wp-block-column-is-layout-flow\" style=\"flex-basis:210px\">\n<p class=\"has-text-align-right has-ast-global-color-4-color has-text-color\">Deux parcours et mille id\u00e9es pour cr\u00e9er, d\u00e9couvrir et exp\u00e9rimenter le monde de l&rsquo;image dans toutes ses dimensions!<\/p>\n\n\n\n<p><\/p>\n<\/div>\n<\/div>\n<\/div>\n\n\n\n<div class=\"inherit-container-width wp-block-group alignfull has-ast-global-color-2-background-color has-background is-layout-constrained wp-block-group-is-layout-constrained\">\n<div class=\"wp-block-columns is-layout-flex wp-container-core-columns-is-layout-28f84493 wp-block-columns-is-layout-flex\">\n<div class=\"wp-block-column is-layout-flow wp-block-column-is-layout-flow\">\n<figure class=\"wp-block-image size-large\"><img loading=\"lazy\" decoding=\"async\" width=\"724\" height=\"1024\" src=\"https:\/\/delartenbar.fr\/wp-content\/uploads\/2024\/10\/w-w-w-.-C-O-M-M-E-D-E-S-I-M-A-G-E-S-.-F-R-724x1024.jpg\" alt=\"\" class=\"wp-image-774\" srcset=\"https:\/\/delartenbar.fr\/wp-content\/uploads\/2024\/10\/w-w-w-.-C-O-M-M-E-D-E-S-I-M-A-G-E-S-.-F-R-724x1024.jpg 724w, https:\/\/delartenbar.fr\/wp-content\/uploads\/2024\/10\/w-w-w-.-C-O-M-M-E-D-E-S-I-M-A-G-E-S-.-F-R-212x300.jpg 212w, https:\/\/delartenbar.fr\/wp-content\/uploads\/2024\/10\/w-w-w-.-C-O-M-M-E-D-E-S-I-M-A-G-E-S-.-F-R-768x1086.jpg 768w, https:\/\/delartenbar.fr\/wp-content\/uploads\/2024\/10\/w-w-w-.-C-O-M-M-E-D-E-S-I-M-A-G-E-S-.-F-R.jpg 794w\" sizes=\"auto, (max-width: 724px) 100vw, 724px\" \/><\/figure>\n<\/div>\n<\/div>\n<\/div>\n\n\n\n<p><\/p>\n","protected":false},"excerpt":{"rendered":"<p>A7eliers de pho7ographie Al7ernative Enfants \/ Ados \/ Adultes LIGHT PAINTING &#8211; SERIGRAPHIE &#8211; STOP MOTION PROCEDES ANCIENS, ALTERNATIFS, NATURELS CYANOTYPE &#8211; ROMAN PHOTO &#8211; STREET ART LINOGRAPHIE- HOLOGRAPHIE &#8211; CINEMAGRAPH FOLIOSCOPES &#8211; STENOPE &#8211; CHLOROPHYLE PRINT STUDIO &#8211; TIME LAPSE &#8211; FOLIOSCOPES &#8211; 3D&#8230; Deux parcours et mille id\u00e9es pour cr\u00e9er, d\u00e9couvrir et exp\u00e9rimenter &hellip;<\/p>\n<p class=\"read-more\"> <a class=\"\" href=\"https:\/\/delartenbar.fr\/?page_id=218\"> <span class=\"screen-reader-text\">About<\/span> Lire la suite\u00a0\u00bb<\/a><\/p>\n","protected":false},"author":1,"featured_media":0,"parent":0,"menu_order":0,"comment_status":"closed","ping_status":"closed","template":"","meta":{"om_disable_all_campaigns":false,"_monsterinsights_skip_tracking":false,"_monsterinsights_sitenote_active":false,"_monsterinsights_sitenote_note":"","_monsterinsights_sitenote_category":0,"site-sidebar-layout":"no-sidebar","site-content-layout":"plain-container","ast-global-header-display":"","ast-main-header-display":"","ast-hfb-above-header-display":"","ast-hfb-below-header-display":"","ast-hfb-mobile-header-display":"","site-post-title":"disabled","ast-breadcrumbs-content":"","ast-featured-img":"disabled","footer-sml-layout":"","theme-transparent-header-meta":"enabled","adv-header-id-meta":"","stick-header-meta":"","header-above-stick-meta":"","header-main-stick-meta":"","header-below-stick-meta":"","footnotes":""},"class_list":["post-218","page","type-page","status-publish","hentry"],"_links":{"self":[{"href":"https:\/\/delartenbar.fr\/index.php?rest_route=\/wp\/v2\/pages\/218","targetHints":{"allow":["GET"]}}],"collection":[{"href":"https:\/\/delartenbar.fr\/index.php?rest_route=\/wp\/v2\/pages"}],"about":[{"href":"https:\/\/delartenbar.fr\/index.php?rest_route=\/wp\/v2\/types\/page"}],"author":[{"embeddable":true,"href":"https:\/\/delartenbar.fr\/index.php?rest_route=\/wp\/v2\/users\/1"}],"replies":[{"embeddable":true,"href":"https:\/\/delartenbar.fr\/index.php?rest_route=%2Fwp%2Fv2%2Fcomments&post=218"}],"version-history":[{"count":11,"href":"https:\/\/delartenbar.fr\/index.php?rest_route=\/wp\/v2\/pages\/218\/revisions"}],"predecessor-version":[{"id":776,"href":"https:\/\/delartenbar.fr\/index.php?rest_route=\/wp\/v2\/pages\/218\/revisions\/776"}],"wp:attachment":[{"href":"https:\/\/delartenbar.fr\/index.php?rest_route=%2Fwp%2Fv2%2Fmedia&parent=218"}],"curies":[{"name":"wp","href":"https:\/\/api.w.org\/{rel}","templated":true}]}}