{"id":606,"date":"2022-01-07T22:32:18","date_gmt":"2022-01-07T22:32:18","guid":{"rendered":"http:\/\/delartenbar.fr\/?page_id=606"},"modified":"2022-11-18T15:54:59","modified_gmt":"2022-11-18T15:54:59","slug":"editions","status":"publish","type":"page","link":"https:\/\/delartenbar.fr\/?page_id=606","title":{"rendered":"Ed\/\/\/"},"content":{"rendered":"\n<h2 class=\"has-vivid-red-color has-ast-global-color-2-background-color has-text-color has-background wp-block-heading\">Catalogues<\/h2>\n\n\n\n<p class=\"has-ast-global-color-5-color has-text-color\">D\u00e9couvrez une \u0153uvre au format A4 \u00e0 encadrer ou \u00e0 plier pour obtenir un livret contenant 6 \u0153uvres au format A7<\/p>\n\n\n\n<div class=\"wp-block-media-text alignwide is-stacked-on-mobile\"><figure class=\"wp-block-media-text__media\"><\/figure><div class=\"wp-block-media-text__content\">\n<p><\/p>\n<\/div><\/div>\n","protected":false},"excerpt":{"rendered":"<p>Catalogues D\u00e9couvrez une \u0153uvre au format A4 \u00e0 encadrer ou \u00e0 plier pour obtenir un livret contenant 6 \u0153uvres au format A7<\/p>\n","protected":false},"author":1,"featured_media":0,"parent":0,"menu_order":0,"comment_status":"closed","ping_status":"closed","template":"","meta":{"om_disable_all_campaigns":false,"_monsterinsights_skip_tracking":false,"_monsterinsights_sitenote_active":false,"_monsterinsights_sitenote_note":"","_monsterinsights_sitenote_category":0,"site-sidebar-layout":"default","site-content-layout":"default","ast-global-header-display":"","ast-main-header-display":"","ast-hfb-above-header-display":"","ast-hfb-below-header-display":"","ast-hfb-mobile-header-display":"","site-post-title":"","ast-breadcrumbs-content":"","ast-featured-img":"","footer-sml-layout":"","theme-transparent-header-meta":"","adv-header-id-meta":"","stick-header-meta":"","header-above-stick-meta":"","header-main-stick-meta":"","header-below-stick-meta":"","footnotes":""},"class_list":["post-606","page","type-page","status-publish","hentry"],"_links":{"self":[{"href":"https:\/\/delartenbar.fr\/index.php?rest_route=\/wp\/v2\/pages\/606","targetHints":{"allow":["GET"]}}],"collection":[{"href":"https:\/\/delartenbar.fr\/index.php?rest_route=\/wp\/v2\/pages"}],"about":[{"href":"https:\/\/delartenbar.fr\/index.php?rest_route=\/wp\/v2\/types\/page"}],"author":[{"embeddable":true,"href":"https:\/\/delartenbar.fr\/index.php?rest_route=\/wp\/v2\/users\/1"}],"replies":[{"embeddable":true,"href":"https:\/\/delartenbar.fr\/index.php?rest_route=%2Fwp%2Fv2%2Fcomments&post=606"}],"version-history":[{"count":2,"href":"https:\/\/delartenbar.fr\/index.php?rest_route=\/wp\/v2\/pages\/606\/revisions"}],"predecessor-version":[{"id":733,"href":"https:\/\/delartenbar.fr\/index.php?rest_route=\/wp\/v2\/pages\/606\/revisions\/733"}],"wp:attachment":[{"href":"https:\/\/delartenbar.fr\/index.php?rest_route=%2Fwp%2Fv2%2Fmedia&parent=606"}],"curies":[{"name":"wp","href":"https:\/\/api.w.org\/{rel}","templated":true}]}}